{"id":1244,"date":"2017-01-31T22:10:55","date_gmt":"2017-01-31T21:10:55","guid":{"rendered":"https:\/\/imaxin.com\/contacto\/"},"modified":"2025-10-28T13:47:10","modified_gmt":"2025-10-28T12:47:10","slug":"contacto","status":"publish","type":"page","link":"https:\/\/imaxin.com\/gl\/contacto\/","title":{"rendered":"contacto"},"content":{"rendered":"<p>[et_pb_section fb_built=&#8221;1&#8243; fullwidth=&#8221;on&#8221; _builder_version=&#8221;4.16&#8243; global_colors_info=&#8221;{}&#8221;][et_pb_fullwidth_map address=&#8221;Salgueiri\u00f1os de Abaixo, 11 L-6, Santiago de Compostela 15703&#8243; zoom_level=&#8221;14&#8243; address_lat=&#8221;42.8860389582318&#8243; address_lng=&#8221;-8.548418498477997&#8243; mouse_wheel=&#8221;off&#8221; mobile_dragging=&#8221;off&#8221; _builder_version=&#8221;4.16&#8243; global_colors_info=&#8221;{}&#8221;][et_pb_map_pin title=&#8221;imaxin|software&#8221; pin_address=&#8221;Salgueiri\u00f1os de Abaixo, 11 L-6, Santiago de Compostela 15703&#8243; pin_address_lat=&#8221;42.892983&#8243; pin_address_lng=&#8221;-8.53096000000005&#8243; _builder_version=&#8221;3.3.1&#8243; global_colors_info=&#8221;{}&#8221;]<strong>imaxin<\/strong>|software<br \/>\n981 554 068<br \/>\nR\u00faa dos Salgueiri\u00f1os de Abaixo, 11, L-6,<br \/>\n15703 Santiago de Compostela, A Coru\u00f1a<br \/>\n[\/et_pb_map_pin][\/et_pb_fullwidth_map][\/et_pb_section][et_pb_section fb_built=&#8221;1&#8243; admin_label=&#8221;section&#8221; _builder_version=&#8221;4.16&#8243; global_colors_info=&#8221;{}&#8221;][et_pb_row column_structure=&#8221;1_4,3_4&#8243; admin_label=&#8221;row&#8221; _builder_version=&#8221;4.16&#8243; background_size=&#8221;initial&#8221; background_position=&#8221;top_left&#8221; background_repeat=&#8221;repeat&#8221; global_colors_info=&#8221;{}&#8221;][et_pb_column type=&#8221;1_4&#8243; _builder_version=&#8221;4.16&#8243; custom_padding=&#8221;|||&#8221; global_colors_info=&#8221;{}&#8221; custom_padding__hover=&#8221;|||&#8221;][et_pb_image src=&#8221;https:\/\/imaxin.com\/wp-content\/uploads\/2017\/01\/logoXenericoTransp.png&#8221; align_tablet=&#8221;center&#8221; align_phone=&#8221;center&#8221; align_last_edited=&#8221;on|desktop&#8221; _builder_version=&#8221;4.16&#8243; max_width=&#8221;220px&#8221; animation=&#8221;off&#8221; sticky=&#8221;off&#8221; border_style=&#8221;solid&#8221; global_colors_info=&#8221;{}&#8221;]&nbsp;<br \/>\n[\/et_pb_image][et_pb_text _builder_version=&#8221;4.19.1&#8243; background_size=&#8221;initial&#8221; background_position=&#8221;top_left&#8221; background_repeat=&#8221;repeat&#8221; background_layout=&#8221;lixeiro&#8221; border_style=&#8221;solid&#8221; global_colors_info=&#8221;{}&#8221;]<\/p>\n<p>Salgueiri\u00f1os de abaixo n\u00ba11 L6<br class=\"?clearfix?\" \/>15703 Santiago de Compostela<br class=\"?clearfix?\" \/>imaxin@imaxin.com<br class=\"?clearfix?\" \/><a href=\"tel:+34-981554068\">981 554068<\/a><br class=\"?clearfix?\" \/>Linkedin: <a href=\"https:\/\/www.linkedin.com\/company\/imaxin\">@imaxin<\/a><\/p>\n<p>[\/et_pb_text][\/et_pb_column][et_pb_column type=&#8221;3_4&#8243; _builder_version=&#8221;4.16&#8243; custom_padding=&#8221;|||&#8221; global_colors_info=&#8221;{}&#8221; custom_padding__hover=&#8221;|||&#8221;][et_pb_code _builder_version=&#8221;4.19.1&#8243; _module_preset=&#8221;default&#8221; global_colors_info=&#8221;{}&#8221;]<script type=\"text\/javascript\" src=\"\/\/mautic2.imaxin.com\/form\/generate.js?id=8\"><\/script>[\/et_pb_code][et_pb_text _builder_version=&#8221;4.19.1&#8243; hover_enabled=&#8221;0&#8243; global_colors_info=&#8221;{}&#8221; sticky_enabled=&#8221;0&#8243;]<\/p>\n<div class='et-learn-more clearfix'>\n\t\t\t\t\t<h3 class='heading-more'>Aviso legal<span class='et_learnmore_arrow'><span><\/span><\/span><\/h3>\n\t\t\t\t\t<div class='learn-more-content'><p class=\"parrafos-tablaparrafo\"><span class=\"Parrafos-negrita2Car\"><span lang=\"GL\"><strong>RESPONSABLE<\/strong>:<\/span><\/span><span lang=\"GL\"> FACTOR\u00cdA DE SOFTWARE E MULTIMEDIA, S.L. <\/span><\/p>\n<p class=\"parrafos-tablaparrafo\"><span class=\"Parrafos-negrita2Car\"><span lang=\"GL\"><strong>FINALIDADE DO TRATAMENTO E LEXITIMACI\u00d3N<\/strong>:<\/span><\/span><span lang=\"GL\"> responder \u00e1 solicitude ou consulta da persoa interesada e no seu caso, enviarlle informaci\u00f3n relacionada sobre os servizos de <strong>imaxin<\/strong>|software, contando co seu consentimento.<\/span><\/p>\n<p class=\"parrafos-tablaparrafo\"><span class=\"Parrafos-negrita2Car\"><span lang=\"GL\"><strong>DESTINATARIOS\/AS<\/strong>:<\/span><\/span><span lang=\"GL\"> non se ceder\u00e1n datos a terceiras partes.<\/span><\/p>\n<p class=\"parrafos-tablaparrafo\"><span class=\"Parrafos-negrita2Car\"><span lang=\"GL\"><strong>EXERCICIO DE DEREITOS<\/strong>: p<\/span><\/span><span lang=\"GL\">erm\u00edtese o exercicio dos dereitos de acceso, rectificaci\u00f3n ou supresi\u00f3n, a limitaci\u00f3n do tratamento, oposici\u00f3n e o dereito \u00e1 portabilidade dos seus datos. Tam\u00e9n poder\u00e1 revogar o seu consentimento en calquera momento en <\/span>Salgueiri\u00f1os de abaixo 11 Local 6 15703, Santiago de Compostela (A Coru\u00f1a)<span lang=\"GL\"> ou enviando un correo electr\u00f3nico a <\/span><b><a href=\"mailto:lopd@imaxin.com\">lopd@imaxin.com<\/a><\/b>.<\/p>\n<p class=\"parrafos-tablaparrafo\"><span class=\"Parrafos-negrita2Car\"><span lang=\"GL\"><strong>INFORMACI\u00d3N ADICIONAL<\/strong>:<\/span><\/span><span lang=\"GL\"> poder\u00e1 obter toda a informaci\u00f3n detallada na nosa <\/span><a href=\"https:\/\/imaxin.com\/aviso-legal\/\"><b><span lang=\"GL\">Pol\u00edtica de Privacidade<\/span><\/b><\/a>.<\/p>\n<p><span style=\"text-align: justify; font-size: 14px;\"><\/div>\n\t\t\t\t<\/div><\/span><\/p>\n<p>[\/et_pb_text][\/et_pb_column][\/et_pb_row][\/et_pb_section]<\/p>\n","protected":false},"excerpt":{"rendered":"<p>imaxin|software 981 554 068 R\u00faa dos Salgueiri\u00f1os de Abaixo, 11, L-6, 15703 Santiago de Compostela, A Coru\u00f1a &nbsp; Salgueiri\u00f1os de abaixo n\u00ba11 L615703 Santiago de Compostelaimaxin@imaxin.com981 554068Linkedin: @imaxin<div class='et-learn-more clearfix'>\n\t\t\t\t\t<h3 class='heading-more'>Aviso legal<span class='et_learnmore_arrow'><span><\/span><\/span><\/h3>\n\t\t\t\t\t<div class='learn-more-content'><\/div>\n\t\t\t\t<\/div> RESPONSABLE: FACTOR\u00cdA DE SOFTWARE E MULTIMEDIA, S.L. FINALIDADE DO TRATAMENTO E LEXITIMACI\u00d3N: responder \u00e1 solicitude ou consulta da persoa interesada e no seu caso, enviarlle [&hellip;]<\/p>\n","protected":false},"author":1,"featured_media":0,"parent":0,"menu_order":0,"comment_status":"closed","ping_status":"closed","template":"","meta":{"_et_pb_use_builder":"on","_et_pb_old_content":"","_et_gb_content_width":""},"_links":{"self":[{"href":"https:\/\/imaxin.com\/gl\/wp-json\/wp\/v2\/pages\/1244"}],"collection":[{"href":"https:\/\/imaxin.com\/gl\/wp-json\/wp\/v2\/pages"}],"about":[{"href":"https:\/\/imaxin.com\/gl\/wp-json\/wp\/v2\/types\/page"}],"author":[{"embeddable":true,"href":"https:\/\/imaxin.com\/gl\/wp-json\/wp\/v2\/users\/1"}],"replies":[{"embeddable":true,"href":"https:\/\/imaxin.com\/gl\/wp-json\/wp\/v2\/comments?post=1244"}],"version-history":[{"count":17,"href":"https:\/\/imaxin.com\/gl\/wp-json\/wp\/v2\/pages\/1244\/revisions"}],"predecessor-version":[{"id":3662,"href":"https:\/\/imaxin.com\/gl\/wp-json\/wp\/v2\/pages\/1244\/revisions\/3662"}],"wp:attachment":[{"href":"https:\/\/imaxin.com\/gl\/wp-json\/wp\/v2\/media?parent=1244"}],"curies":[{"name":"wp","href":"https:\/\/api.w.org\/{rel}","templated":true}]}}