{"id":1259,"date":"2017-02-02T17:47:31","date_gmt":"2017-02-02T16:47:31","guid":{"rendered":"https:\/\/imaxin.com\/servicios\/"},"modified":"2017-12-22T10:06:00","modified_gmt":"2017-12-22T09:06:00","slug":"servizos","status":"publish","type":"page","link":"https:\/\/imaxin.com\/gl\/servizos\/","title":{"rendered":"servizos"},"content":{"rendered":"<p>[et_pb_section bb_built=&#8221;1&#8243; admin_label=&#8221;Section&#8221; fullwidth=&#8221;off&#8221; specialty=&#8221;off&#8221; background_image=&#8221;https:\/\/imaxin.com\/wp-content\/uploads\/2017\/02\/fondoServicios.jpg&#8221; transparent_background=&#8221;off&#8221; allow_player_pause=&#8221;off&#8221; inner_shadow=&#8221;off&#8221; parallax=&#8221;off&#8221; parallax_method=&#8221;off&#8221; make_fullwidth=&#8221;off&#8221; use_custom_width=&#8221;off&#8221; width_unit=&#8221;on&#8221; make_equal=&#8221;off&#8221; use_custom_gutter=&#8221;off&#8221;][et_pb_row admin_label=&#8221;row&#8221; make_fullwidth=&#8221;on&#8221; use_custom_width=&#8221;off&#8221; width_unit=&#8221;on&#8221; use_custom_gutter=&#8221;off&#8221; allow_player_pause=&#8221;off&#8221; parallax=&#8221;off&#8221; parallax_method=&#8221;off&#8221; make_equal=&#8221;off&#8221; parallax_1=&#8221;off&#8221; parallax_method_1=&#8221;off&#8221; parallax_2=&#8221;off&#8221; parallax_method_2=&#8221;off&#8221; custom_padding=&#8221;|||60px&#8221; custom_padding_phone=&#8221;|||10px&#8221; custom_padding_last_edited=&#8221;on|phone&#8221; background_position=&#8221;top_left&#8221; background_repeat=&#8221;repeat&#8221; background_size=&#8221;initial&#8221;][et_pb_column type=&#8221;2_3&#8243;][et_pb_text admin_label=&#8221;Text&#8221; background_layout=&#8221;dark&#8221; text_orientation=&#8221;left&#8221; use_border_cor=&#8221;off&#8221; border_cor=&#8221;#ffffff&#8221; border_style=&#8221;solid&#8221; header_font_size=&#8221;85px&#8221; header_font=&#8221;Raleway|on|||&#8221; header_font_size_tablet=&#8221;60px&#8221; header_font_size_phone=&#8221;45px&#8221; header_font_size_last_edited=&#8221;on|phone&#8221; use_border_color=&#8221;off&#8221; border_color=&#8221;#ffffff&#8221; background_position=&#8221;top_left&#8221; background_repeat=&#8221;repeat&#8221; background_size=&#8221;initial&#8221;]<\/p>\n<h1>Servizos<\/h1>\n<p>[\/et_pb_text][et_pb_text admin_label=&#8221;Text&#8221; background_layout=&#8221;dark&#8221; text_orientation=&#8221;left&#8221; use_border_cor=&#8221;off&#8221; border_cor=&#8221;#ffffff&#8221; border_style=&#8221;solid&#8221; header_font_size=&#8221;35px&#8221; header_font=&#8221;Raleway||||&#8221; use_border_color=&#8221;off&#8221; border_color=&#8221;#ffffff&#8221; header_font_size_phone=&#8221;25px&#8221; header_font_size_last_edited=&#8221;on|phone&#8221; background_position=&#8221;top_left&#8221; background_repeat=&#8221;repeat&#8221; background_size=&#8221;initial&#8221;]<\/p>\n<h1>4 \u00e1reas\u00a0para dar soluci\u00f3n aos problemas da\u00a0empresa<\/h1>\n<p>[\/et_pb_text][\/et_pb_column][et_pb_column type=&#8221;1_3&#8243;][\/et_pb_column][\/et_pb_row][\/et_pb_section][et_pb_section bb_built=&#8221;1&#8243; admin_label=&#8221;Section&#8221; fullwidth=&#8221;off&#8221; specialty=&#8221;off&#8221; transparent_background=&#8221;off&#8221; allow_player_pause=&#8221;off&#8221; inner_shadow=&#8221;off&#8221; parallax=&#8221;off&#8221; parallax_method=&#8221;off&#8221; custom_padding=&#8221;||0px|&#8221; make_fullwidth=&#8221;off&#8221; use_custom_width=&#8221;off&#8221; width_unit=&#8221;on&#8221; make_equal=&#8221;off&#8221; use_custom_gutter=&#8221;off&#8221;][et_pb_row admin_label=&#8221;Row&#8221; background_position=&#8221;top_left&#8221; background_repeat=&#8221;repeat&#8221; background_size=&#8221;initial&#8221;][et_pb_column type=&#8221;4_4&#8243;][et_pb_text admin_label=&#8221;Text&#8221; background_layout=&#8221;light&#8221; text_orientation=&#8221;left&#8221; use_border_cor=&#8221;off&#8221; border_cor=&#8221;#ffffff&#8221; border_style=&#8221;solid&#8221; use_border_color=&#8221;off&#8221; border_color=&#8221;#ffffff&#8221; background_position=&#8221;top_left&#8221; background_repeat=&#8221;repeat&#8221; background_size=&#8221;initial&#8221;]<\/p>\n<h1 style=\"text-align: center;\">QUE OFRECEMOS AOS NOSOS CLIENTES<\/h1>\n<h5 style=\"text-align: center;\">Agrupamos os nosos servizos en catro \u00e1reas<\/h5>\n<p>[\/et_pb_text][\/et_pb_column][\/et_pb_row][\/et_pb_section][et_pb_section bb_built=&#8221;1&#8243; admin_label=&#8221;section&#8221; transparent_background=&#8221;off&#8221; allow_player_pause=&#8221;off&#8221; inner_shadow=&#8221;off&#8221; parallax=&#8221;off&#8221; parallax_method=&#8221;off&#8221; custom_padding=&#8221;0px|||&#8221; make_fullwidth=&#8221;off&#8221; use_custom_width=&#8221;off&#8221; width_unit=&#8221;on&#8221; make_equal=&#8221;off&#8221; use_custom_gutter=&#8221;off&#8221;][et_pb_row admin_label=&#8221;row&#8221; background_position=&#8221;top_left&#8221; background_repeat=&#8221;repeat&#8221; background_size=&#8221;initial&#8221;][et_pb_column type=&#8221;1_4&#8243;][et_pb_blurb admin_label=&#8221;Blurb&#8221; url_new_window=&#8221;off&#8221; use_icon=&#8221;off&#8221; icon_cor=&#8221;#7EBEC5&#8243; use_circle=&#8221;off&#8221; circle_cor=&#8221;#7EBEC5&#8243; use_circle_border=&#8221;off&#8221; circle_border_cor=&#8221;#7EBEC5&#8243; image=&#8221;https:\/\/imaxin.com\/wp-content\/uploads\/2017\/01\/logoContextTransp.png&#8221; icon_placement=&#8221;top&#8221; animation=&#8221;off&#8221; background_layout=&#8221;light&#8221; text_orientation=&#8221;center&#8221; use_icon_font_size=&#8221;off&#8221; use_border_cor=&#8221;off&#8221; border_cor=&#8221;#ffffff&#8221; border_style=&#8221;solid&#8221; custom_css_blurb_image=&#8221;margin-bottom: 0px;&#8221; url=&#8221;\/imaxincontext\/&#8221; max_width=&#8221;196px&#8221; background_position=&#8221;top_left&#8221; background_repeat=&#8221;repeat&#8221; background_size=&#8221;initial&#8221; _builder_version=&#8221;3.0.51&#8243;]<\/p>\n<p>Axud\u00e1mosche a traducir, corrixir, mellorar, analizar e extraer informaci\u00f3n dos teus contidos mediante o procesamento da linguaxe natural.<\/p>\n<p>[\/et_pb_blurb][et_pb_button admin_label=&#8221;Button&#8221; button_url=&#8221;\/gl\/imaxincontext\/&#8221; url_new_window=&#8221;off&#8221; button_text=&#8221;co\u00f1ecer m\u00e1is&#8221; button_alignment=&#8221;center&#8221; background_layout=&#8221;light&#8221; custom_button=&#8221;on&#8221; button_text_cor=&#8221;#ffffff&#8221; button_bg_cor=&#8221;#000000&#8243; button_letter_spacing=&#8221;0&#8243; button_icon_placement=&#8221;right&#8221; button_text_cor_hover=&#8221;#000000&#8243; button_bg_cor_hover=&#8221;#ffffff&#8221; button_border_cor_hover=&#8221;#000000&#8243; button_letter_spacing_hover=&#8221;0&#8243; button_text_size=&#8221;17&#8243; button_text_color=&#8221;#ffffff&#8221; button_border_color=&#8221;#000000&#8243; button_bg_color=&#8221;#000000&#8243; button_text_color_hover=&#8221;#000000&#8243; button_bg_color_hover=&#8221;#ffffff&#8221; button_border_color_hover=&#8221;#000000&#8243; _builder_version=&#8221;3.0.51&#8243; \/][\/et_pb_column][et_pb_column type=&#8221;1_4&#8243;][et_pb_blurb admin_label=&#8221;Blurb&#8221; url_new_window=&#8221;off&#8221; use_icon=&#8221;off&#8221; icon_cor=&#8221;#7EBEC5&#8243; use_circle=&#8221;off&#8221; circle_cor=&#8221;#7EBEC5&#8243; use_circle_border=&#8221;off&#8221; circle_border_cor=&#8221;#7EBEC5&#8243; image=&#8221;https:\/\/imaxin.com\/wp-content\/uploads\/2017\/01\/logoinGamingTransp.png&#8221; icon_placement=&#8221;top&#8221; animation=&#8221;off&#8221; background_layout=&#8221;light&#8221; text_orientation=&#8221;center&#8221; use_icon_font_size=&#8221;off&#8221; use_border_cor=&#8221;off&#8221; border_cor=&#8221;#ffffff&#8221; border_style=&#8221;solid&#8221; custom_css_blurb_image=&#8221;margin-bottom: 0px;&#8221; url=&#8221;\/ingaming\/&#8221; max_width=&#8221;129px&#8221; background_position=&#8221;top_left&#8221; background_repeat=&#8221;repeat&#8221; background_size=&#8221;initial&#8221; _builder_version=&#8221;3.0.51&#8243;]<\/p>\n<p>Educaci\u00f3n, lecer e negocio no mundo dixital. Desenvolvemos aplicaci\u00f3ns m\u00f3biles, multimedia interactiva, elearning, xogos e gamificaci\u00f3n.<\/p>\n<p>[\/et_pb_blurb][et_pb_button admin_label=&#8221;Button&#8221; button_url=&#8221;\/gl\/ingaming\/&#8221; url_new_window=&#8221;off&#8221; button_text=&#8221;co\u00f1ecer m\u00e1is&#8221; button_alignment=&#8221;center&#8221; background_layout=&#8221;light&#8221; custom_button=&#8221;on&#8221; button_text_cor=&#8221;#ffffff&#8221; button_bg_cor=&#8221;#000000&#8243; button_letter_spacing=&#8221;0&#8243; button_icon_placement=&#8221;right&#8221; button_text_cor_hover=&#8221;#000000&#8243; button_bg_cor_hover=&#8221;#ffffff&#8221; button_border_cor_hover=&#8221;#000000&#8243; button_letter_spacing_hover=&#8221;0&#8243; button_text_size=&#8221;17&#8243; button_text_color=&#8221;#ffffff&#8221; button_bg_color=&#8221;#000000&#8243; button_border_color=&#8221;#000000&#8243; button_text_color_hover=&#8221;#000000&#8243; button_bg_color_hover=&#8221;#ffffff&#8221; button_border_color_hover=&#8221;#000000&#8243; _builder_version=&#8221;3.0.51&#8243; \/][\/et_pb_column][et_pb_column type=&#8221;1_4&#8243;][et_pb_blurb admin_label=&#8221;Blurb&#8221; url_new_window=&#8221;off&#8221; use_icon=&#8221;off&#8221; icon_cor=&#8221;#7EBEC5&#8243; use_circle=&#8221;off&#8221; circle_cor=&#8221;#7EBEC5&#8243; use_circle_border=&#8221;off&#8221; circle_border_cor=&#8221;#7EBEC5&#8243; image=&#8221;https:\/\/imaxin.com\/wp-content\/uploads\/2017\/01\/logoLocalizaTransp.png&#8221; icon_placement=&#8221;top&#8221; animation=&#8221;off&#8221; background_layout=&#8221;light&#8221; text_orientation=&#8221;center&#8221; use_icon_font_size=&#8221;off&#8221; use_border_cor=&#8221;off&#8221; border_cor=&#8221;#ffffff&#8221; border_style=&#8221;solid&#8221; custom_css_blurb_image=&#8221;margin-bottom: 0px;&#8221; url=&#8221;\/imaxinlocaliza\/&#8221; max_width=&#8221;199px&#8221; background_position=&#8221;top_left&#8221; background_repeat=&#8221;repeat&#8221; background_size=&#8221;initial&#8221; _builder_version=&#8221;3.0.51&#8243;]<\/p>\n<p>Se a t\u00faa empresa se internacionaliza o teu software tam\u00e9n. Ofrecemos servizos de localizaci\u00f3n de software a ingl\u00e9s, portugu\u00e9s, espa\u00f1ol e\u00a0galego.<\/p>\n<p>[\/et_pb_blurb][et_pb_button admin_label=&#8221;Button&#8221; button_url=&#8221;\/gl\/imaxinlocaliza\/&#8221; url_new_window=&#8221;off&#8221; button_text=&#8221;co\u00f1ecer m\u00e1is&#8221; button_alignment=&#8221;center&#8221; background_layout=&#8221;light&#8221; custom_button=&#8221;on&#8221; button_text_cor=&#8221;#ffffff&#8221; button_bg_cor=&#8221;#000000&#8243; button_letter_spacing=&#8221;0&#8243; button_icon_placement=&#8221;right&#8221; button_text_cor_hover=&#8221;#000000&#8243; button_bg_cor_hover=&#8221;#ffffff&#8221; button_border_cor_hover=&#8221;#000000&#8243; button_letter_spacing_hover=&#8221;0&#8243; button_text_size=&#8221;17&#8243; button_text_color=&#8221;#ffffff&#8221; button_bg_color=&#8221;#000000&#8243; button_border_color=&#8221;#000000&#8243; button_text_color_hover=&#8221;#000000&#8243; button_bg_color_hover=&#8221;#ffffff&#8221; button_border_color_hover=&#8221;#000000&#8243; _builder_version=&#8221;3.0.51&#8243; \/][\/et_pb_column][et_pb_column type=&#8221;1_4&#8243;][et_pb_blurb admin_label=&#8221;Blurb&#8221; url_new_window=&#8221;off&#8221; use_icon=&#8221;off&#8221; icon_cor=&#8221;#7EBEC5&#8243; use_circle=&#8221;off&#8221; circle_cor=&#8221;#7EBEC5&#8243; use_circle_border=&#8221;off&#8221; circle_border_cor=&#8221;#7EBEC5&#8243; image=&#8221;https:\/\/imaxin.com\/wp-content\/uploads\/2017\/01\/logoGroupWebTransp.png&#8221; icon_placement=&#8221;top&#8221; animation=&#8221;off&#8221; background_layout=&#8221;light&#8221; text_orientation=&#8221;center&#8221; use_icon_font_size=&#8221;off&#8221; use_border_cor=&#8221;off&#8221; border_cor=&#8221;#ffffff&#8221; border_style=&#8221;solid&#8221; custom_css_blurb_image=&#8221;margin-bottom: 0px;&#8221; url=&#8221;\/imaxingroupweb\/&#8221; background_position=&#8221;top_left&#8221; background_repeat=&#8221;repeat&#8221; background_size=&#8221;initial&#8221; _builder_version=&#8221;3.0.51&#8243;]<\/p>\n<p>Desenvolvemos p\u00e1xinas web e ofrecemos alternativas para axudarche a conseguir unha presenza on-line\u00a0adaptada ao teu orzamento e necesidades.<\/p>\n<p>[\/et_pb_blurb][et_pb_button admin_label=&#8221;Button&#8221; button_url=&#8221;\/gl\/imaxingroupweb\/&#8221; url_new_window=&#8221;off&#8221; button_text=&#8221;co\u00f1ecer m\u00e1is&#8221; button_alignment=&#8221;center&#8221; background_layout=&#8221;light&#8221; custom_button=&#8221;on&#8221; button_text_cor=&#8221;#ffffff&#8221; button_bg_cor=&#8221;#000000&#8243; button_letter_spacing=&#8221;0&#8243; button_icon_placement=&#8221;right&#8221; button_text_cor_hover=&#8221;#000000&#8243; button_bg_cor_hover=&#8221;#ffffff&#8221; button_border_cor_hover=&#8221;#000000&#8243; button_letter_spacing_hover=&#8221;0&#8243; button_text_size=&#8221;17&#8243; button_text_color=&#8221;#ffffff&#8221; button_bg_color=&#8221;#000000&#8243; button_border_color=&#8221;#000000&#8243; button_text_color_hover=&#8221;#000000&#8243; button_bg_color_hover=&#8221;#ffffff&#8221; button_border_color_hover=&#8221;#000000&#8243; _builder_version=&#8221;3.0.51&#8243; \/][\/et_pb_column][\/et_pb_row][\/et_pb_section]<\/p>\n","protected":false},"excerpt":{"rendered":"<p>Servizos 4 \u00e1reas\u00a0para dar soluci\u00f3n aos problemas da\u00a0empresa QUE OFRECEMOS AOS NOSOS CLIENTES Agrupamos os nosos servizos en catro \u00e1reas Axud\u00e1mosche a traducir, corrixir, mellorar, analizar e extraer informaci\u00f3n dos teus contidos mediante o procesamento da linguaxe natural. Educaci\u00f3n, lecer e negocio no mundo dixital. Desenvolvemos aplicaci\u00f3ns m\u00f3biles, multimedia interactiva, elearning, xogos e gamificaci\u00f3n. Se [&hellip;]<\/p>\n","protected":false},"author":1,"featured_media":0,"parent":0,"menu_order":0,"comment_status":"closed","ping_status":"closed","template":"","meta":{"_et_pb_use_builder":"on","_et_pb_old_content":"","_et_gb_content_width":""},"_links":{"self":[{"href":"https:\/\/imaxin.com\/gl\/wp-json\/wp\/v2\/pages\/1259"}],"collection":[{"href":"https:\/\/imaxin.com\/gl\/wp-json\/wp\/v2\/pages"}],"about":[{"href":"https:\/\/imaxin.com\/gl\/wp-json\/wp\/v2\/types\/page"}],"author":[{"embeddable":true,"href":"https:\/\/imaxin.com\/gl\/wp-json\/wp\/v2\/users\/1"}],"replies":[{"embeddable":true,"href":"https:\/\/imaxin.com\/gl\/wp-json\/wp\/v2\/comments?post=1259"}],"version-history":[{"count":15,"href":"https:\/\/imaxin.com\/gl\/wp-json\/wp\/v2\/pages\/1259\/revisions"}],"predecessor-version":[{"id":1909,"href":"https:\/\/imaxin.com\/gl\/wp-json\/wp\/v2\/pages\/1259\/revisions\/1909"}],"wp:attachment":[{"href":"https:\/\/imaxin.com\/gl\/wp-json\/wp\/v2\/media?parent=1259"}],"curies":[{"name":"wp","href":"https:\/\/api.w.org\/{rel}","templated":true}]}}