{"id":1284,"date":"2017-01-31T19:17:45","date_gmt":"2017-01-31T18:17:45","guid":{"rendered":"https:\/\/imaxin.com\/imaxingroupweb\/"},"modified":"2017-12-18T09:43:53","modified_gmt":"2017-12-18T08:43:53","slug":"imaxingroupweb","status":"publish","type":"page","link":"https:\/\/imaxin.com\/gl\/imaxingroupweb\/","title":{"rendered":"imaxin|groupWeb"},"content":{"rendered":"<p>[et_pb_section bb_built=&#8221;1&#8243; admin_label=&#8221;Section&#8221; fullwidth=&#8221;on&#8221; specialty=&#8221;off&#8221; background_image=&#8221;https:\/\/imaxin.com\/wp-content\/uploads\/2017\/01\/fondoGroupWeb-1.jpg&#8221; transparent_background=&#8221;off&#8221; allow_player_pause=&#8221;off&#8221; inner_shadow=&#8221;off&#8221; parallax=&#8221;off&#8221; parallax_method=&#8221;off&#8221; make_fullwidth=&#8221;off&#8221; use_custom_width=&#8221;off&#8221; width_unit=&#8221;on&#8221; make_equal=&#8221;off&#8221; use_custom_gutter=&#8221;off&#8221;][et_pb_fullwidth_header admin_label=&#8221;Fullwidth Header&#8221; title=&#8221;Simplificar un proceso complexo&#8221; background_layout=&#8221;dark&#8221; text_orientation=&#8221;left&#8221; header_fullscreen=&#8221;on&#8221; header_scroll_down=&#8221;on&#8221; parallax=&#8221;off&#8221; parallax_method=&#8221;off&#8221; logo_image_url=&#8221;https:\/\/imaxin.com\/wp-content\/uploads\/2017\/01\/logoGroupWebBlancoTransp.png&#8221; content_orientation=&#8221;center&#8221; image_orientation=&#8221;center&#8221; custom_button_one=&#8221;off&#8221; button_one_letter_spacing=&#8221;0&#8243; button_one_use_icon=&#8221;default&#8221; button_one_icon_placement=&#8221;right&#8221; button_one_on_hover=&#8221;on&#8221; button_one_letter_spacing_hover=&#8221;0&#8243; custom_button_two=&#8221;off&#8221; button_two_letter_spacing=&#8221;0&#8243; button_two_use_icon=&#8221;default&#8221; button_two_icon_placement=&#8221;right&#8221; button_two_on_hover=&#8221;on&#8221; button_two_letter_spacing_hover=&#8221;0&#8243; scroll_down_icon=&#8221;%%1%%&#8221; title_font=&#8221;Raleway|on|||&#8221; title_font_size=&#8221;80px&#8221; title_font_size_tablet=&#8221;60px&#8221; title_font_size_phone=&#8221;30px&#8221; title_font_size_last_edited=&#8221;on|tablet&#8221;]<\/p>\n<h3>A creaci\u00f3n dun sitio web implica definir os obxectivos, estruturar os contidos, decidir o ton e o dese\u00f1o gr\u00e1fico, o desenvolvemento t\u00e9cnico e a s\u00faa posta en marcha. Ademais debemos traballar o posicionamento e dese\u00f1ar unha estratexia de mercadotecnia axeitada\u00a0\u00e1 nosa empresa. \u00c9 un proceso complicado, e en moitos casos longo, que necesita a implicaci\u00f3n dos responsables da empresa para que o seu resultado sexa\u00a0sobresa\u00ednte.<\/h3>\n<p>[\/et_pb_fullwidth_header][\/et_pb_section][et_pb_section bb_built=&#8221;1&#8243; admin_label=&#8221;Section&#8221; fullwidth=&#8221;off&#8221; specialty=&#8221;off&#8221;][et_pb_row admin_label=&#8221;Row&#8221; background_position=&#8221;top_left&#8221; background_repeat=&#8221;repeat&#8221; background_size=&#8221;initial&#8221;][et_pb_column type=&#8221;4_4&#8243;][et_pb_text admin_label=&#8221;Text&#8221; background_layout=&#8221;lixeiro&#8221; text_orientation=&#8221;center&#8221; use_border_cor=&#8221;off&#8221; border_cor=&#8221;#ffffff&#8221; border_style=&#8221;solid&#8221; background_position=&#8221;top_left&#8221; background_repeat=&#8221;repeat&#8221; background_size=&#8221;initial&#8221;]<\/p>\n<h1 style=\"text-align: center;\">SERVIZOS<\/h1>\n<p>[\/et_pb_text][\/et_pb_column][\/et_pb_row][et_pb_row admin_label=&#8221;Row&#8221; background_position=&#8221;top_left&#8221; background_repeat=&#8221;repeat&#8221; background_size=&#8221;initial&#8221;][et_pb_column type=&#8221;1_2&#8243;][et_pb_blurb admin_label=&#8221;Blurb&#8221; title=&#8221;Estratexia&#8221; url_new_window=&#8221;off&#8221; use_icon=&#8221;off&#8221; font_icon=&#8221;%%71%%&#8221; icon_cor=&#8221;#ffffff&#8221; use_circle=&#8221;on&#8221; circle_cor=&#8221;#000000&#8243; use_circle_border=&#8221;off&#8221; circle_border_cor=&#8221;#7EBEC5&#8243; icon_placement=&#8221;left&#8221; animation=&#8221;top&#8221; background_layout=&#8221;lixeiro&#8221; text_orientation=&#8221;left&#8221; use_icon_font_size=&#8221;on&#8221; use_border_cor=&#8221;off&#8221; border_cor=&#8221;#000000&#8243; border_style=&#8221;solid&#8221; icon_font_size=&#8221;75px&#8221; header_font=&#8221;|on|||&#8221; header_font_size=&#8221;30&#8243; background_position=&#8221;top_left&#8221; background_repeat=&#8221;repeat&#8221; background_size=&#8221;initial&#8221;]<\/p>\n<p>Axud\u00e1mosche na an\u00e1lise do problema ou do novo proxecto para xerar e buscar as posibles soluci\u00f3ns nun traballo en equipo contigo. Este proceso necesita unha fase\u00a0de investigaci\u00f3n, definici\u00f3n do concepto e creaci\u00f3n dos contidos necesarios para o proxecto.<\/p>\n<p>[\/et_pb_blurb][\/et_pb_column][et_pb_column type=&#8221;1_2&#8243;][et_pb_blurb admin_label=&#8221;Blurb&#8221; title=&#8221;Dese\u00f1o gr\u00e1fico&#8221; url_new_window=&#8221;off&#8221; use_icon=&#8221;off&#8221; font_icon=&#8221;%%101%%&#8221; icon_cor=&#8221;#ffffff&#8221; use_circle=&#8221;on&#8221; circle_cor=&#8221;#000000&#8243; use_circle_border=&#8221;off&#8221; circle_border_cor=&#8221;#7EBEC5&#8243; icon_placement=&#8221;left&#8221; animation=&#8221;top&#8221; background_layout=&#8221;lixeiro&#8221; text_orientation=&#8221;left&#8221; use_icon_font_size=&#8221;on&#8221; use_border_cor=&#8221;off&#8221; border_cor=&#8221;#ffffff&#8221; border_style=&#8221;solid&#8221; icon_font_size=&#8221;75px&#8221; header_font=&#8221;|on|||&#8221; header_font_size=&#8221;30&#8243; background_position=&#8221;top_left&#8221; background_repeat=&#8221;repeat&#8221; background_size=&#8221;initial&#8221;]<\/p>\n<p>O dese\u00f1o web involucra diferentes aspectos que se deben ter en conta, un dese\u00f1o que cumpra co obxectivo do sitio e que sexa gr\u00e1ficamente bo, primando a usabilidade e simplicidade para facilitar a navegaci\u00f3n dos usuarios e un desenvolvemento eficiente que siga\u00a0os est\u00e1ndares (dese\u00f1o responsive).<\/p>\n<p>[\/et_pb_blurb][\/et_pb_column][\/et_pb_row][et_pb_row admin_label=&#8221;Row&#8221; background_position=&#8221;top_left&#8221; background_repeat=&#8221;repeat&#8221; background_size=&#8221;initial&#8221;][et_pb_column type=&#8221;1_2&#8243;][et_pb_blurb admin_label=&#8221;Blurb&#8221; title=&#8221;Programaci\u00f3n&#8221; url_new_window=&#8221;off&#8221; use_icon=&#8221;off&#8221; font_icon=&#8221;%%71%%&#8221; icon_cor=&#8221;#ffffff&#8221; use_circle=&#8221;on&#8221; circle_cor=&#8221;#000000&#8243; use_circle_border=&#8221;off&#8221; circle_border_cor=&#8221;#7EBEC5&#8243; icon_placement=&#8221;left&#8221; animation=&#8221;top&#8221; background_layout=&#8221;light&#8221; text_orientation=&#8221;left&#8221; use_icon_font_size=&#8221;on&#8221; use_border_cor=&#8221;off&#8221; border_cor=&#8221;#000000&#8243; border_style=&#8221;solid&#8221; icon_font_size=&#8221;75px&#8221; header_font=&#8221;|on|||&#8221; header_font_size=&#8221;30&#8243; icon_color=&#8221;#7EBEC5&#8243; circle_color=&#8221;#7EBEC5&#8243; circle_border_color=&#8221;#7EBEC5&#8243; use_border_color=&#8221;off&#8221; border_color=&#8221;#ffffff&#8221; background_position=&#8221;top_left&#8221; background_repeat=&#8221;repeat&#8221; background_size=&#8221;initial&#8221;]<\/p>\n<p>Utilizaremos xestores de contidos como Drupal ou WordPress ou realizaremos un desenvolvemento a medida segundo as caracter\u00edsticas do proxecto. Habitualmente programamos en Php ou Java.<\/p>\n<p>[\/et_pb_blurb][\/et_pb_column][et_pb_column type=&#8221;1_2&#8243;][et_pb_blurb admin_label=&#8221;Blurb&#8221; title=&#8221;Lanzamento e promoci\u00f3n&#8221; url_new_window=&#8221;off&#8221; use_icon=&#8221;off&#8221; font_icon=&#8221;%%101%%&#8221; icon_cor=&#8221;#ffffff&#8221; use_circle=&#8221;on&#8221; circle_cor=&#8221;#000000&#8243; use_circle_border=&#8221;off&#8221; circle_border_cor=&#8221;#7EBEC5&#8243; icon_placement=&#8221;left&#8221; animation=&#8221;top&#8221; background_layout=&#8221;lixeiro&#8221; text_orientation=&#8221;left&#8221; use_icon_font_size=&#8221;on&#8221; use_border_cor=&#8221;off&#8221; border_cor=&#8221;#ffffff&#8221; border_style=&#8221;solid&#8221; icon_font_size=&#8221;75px&#8221; header_font=&#8221;|on|||&#8221; header_font_size=&#8221;30&#8243; background_position=&#8221;top_left&#8221; background_repeat=&#8221;repeat&#8221; background_size=&#8221;initial&#8221;]<\/p>\n<p>Instalaremos a aplicaci\u00f3n nos servidores acordados seguindo os protocolos establecidos e axudar\u00e9mosche a elaborar un plan de comunicaci\u00f3n e promoci\u00f3n.<\/p>\n<p>[\/et_pb_blurb][\/et_pb_column][\/et_pb_row][\/et_pb_section][et_pb_section bb_built=&#8221;1&#8243; admin_label=&#8221;Section&#8221; fullwidth=&#8221;off&#8221; specialty=&#8221;off&#8221; transparent_background=&#8221;off&#8221; background_cor=&#8221;#dddddd&#8221; allow_player_pause=&#8221;off&#8221; inner_shadow=&#8221;off&#8221; parallax=&#8221;off&#8221; parallax_method=&#8221;off&#8221; make_fullwidth=&#8221;off&#8221; use_custom_width=&#8221;off&#8221; width_unit=&#8221;on&#8221; make_equal=&#8221;off&#8221; use_custom_gutter=&#8221;off&#8221; background_color=&#8221;#dddddd&#8221;][et_pb_row admin_label=&#8221;Row&#8221; background_position=&#8221;top_left&#8221; background_repeat=&#8221;repeat&#8221; background_size=&#8221;initial&#8221;][et_pb_column type=&#8221;2_3&#8243;][et_pb_image admin_label=&#8221;Image&#8221; src=&#8221;https:\/\/imaxin.com\/wp-content\/uploads\/2017\/01\/TecnoloxiasWeb.png&#8221; show_in_lightbox=&#8221;off&#8221; url_new_window=&#8221;off&#8221; use_overlay=&#8221;off&#8221; animation=&#8221;left&#8221; sticky=&#8221;off&#8221; align=&#8221;left&#8221; force_fullwidth=&#8221;off&#8221; always_center_on_mobile=&#8221;on&#8221; use_border_cor=&#8221;off&#8221; border_cor=&#8221;#ffffff&#8221; border_style=&#8221;solid&#8221; \/][\/et_pb_column][et_pb_column type=&#8221;1_3&#8243;][et_pb_text admin_label=&#8221;Text&#8221; background_layout=&#8221;light&#8221; text_orientation=&#8221;left&#8221; use_border_cor=&#8221;off&#8221; border_cor=&#8221;#ffffff&#8221; border_style=&#8221;solid&#8221; header_font=&#8221;|on|||&#8221; use_border_color=&#8221;off&#8221; border_color=&#8221;#ffffff&#8221; background_position=&#8221;top_left&#8221; background_repeat=&#8221;repeat&#8221; background_size=&#8221;initial&#8221;]<\/p>\n<h1>Tecnolox\u00edas ao servizo do produto<\/h1>\n<p>Levamos d\u00faas d\u00e9cadas desenvolvendo software en todo tipo de tecnolox\u00edas e para diferentes dispositivos. Sempre mant\u00e9ndonos ao d\u00eda nas novas tendencias e contornas de desenvolvemento.<\/p>\n<p>Agora traballamos especialmente en PHP, Java, HTML5, WordPress e Drupal.<\/p>\n<p>[\/et_pb_text][\/et_pb_column][\/et_pb_row][\/et_pb_section][et_pb_section bb_built=&#8221;1&#8243; admin_label=&#8221;section&#8221; transparent_background=&#8221;off&#8221; background_color=&#8221;#dddddd&#8221; allow_player_pause=&#8221;off&#8221; inner_shadow=&#8221;off&#8221; parallax=&#8221;off&#8221; parallax_method=&#8221;off&#8221; custom_padding=&#8221;0px|||0px&#8221; make_fullwidth=&#8221;off&#8221; use_custom_width=&#8221;off&#8221; width_unit=&#8221;on&#8221; make_equal=&#8221;off&#8221; use_custom_gutter=&#8221;off&#8221; background_image=&#8221;https:\/\/imaxin.com\/wp-content\/uploads\/2017\/01\/fondoConsultoria-e1490635628865.jpg&#8221; global_module=&#8221;876&#8243;][et_pb_row admin_label=&#8221;Row&#8221; global_parent=&#8221;876&#8243; make_fullwidth=&#8221;off&#8221; use_custom_width=&#8221;off&#8221; width_unit=&#8221;on&#8221; use_custom_gutter=&#8221;on&#8221; gutter_width=&#8221;0&#8243; custom_padding=&#8221;0px||0px|0px&#8221; allow_player_pause=&#8221;off&#8221; parallax=&#8221;off&#8221; parallax_method=&#8221;off&#8221; make_equal=&#8221;off&#8221; parallax_1=&#8221;off&#8221; parallax_method_1=&#8221;off&#8221; parallax_2=&#8221;off&#8221; parallax_method_2=&#8221;off&#8221;][et_pb_column type=&#8221;1_2&#8243;][\/et_pb_column][et_pb_column type=&#8221;1_2&#8243;][et_pb_text admin_label=&#8221;Text&#8221; global_parent=&#8221;876&#8243; background_layout=&#8221;dark&#8221; text_orientation=&#8221;left&#8221; use_border_color=&#8221;off&#8221; border_color=&#8221;#ffffff&#8221; border_style=&#8221;solid&#8221; header_font=&#8221;|on|||&#8221; custom_margin=&#8221;50px||25px|&#8221;]<\/p>\n<h1>Tes un proxecto singular?<\/h1>\n<h3>Asesor\u00e1moste e axudamos a crear unha soluci\u00f3n \u00e1 t\u00faa medida<\/h3>\n<p><br class=\"\u201dclearfix\u201d\" \/>Non o dubides e contacta connosco, estaremos encantados de escoitarte. [\/et_pb_text][et_pb_button admin_label=&#8221;Button&#8221; global_parent=&#8221;876&#8243; url_new_window=&#8221;off&#8221; button_text=&#8221;Contacta agora!&#8221; button_alignment=&#8221;left&#8221; background_layout=&#8221;dark&#8221; custom_button=&#8221;on&#8221; button_letter_spacing=&#8221;0&#8243; button_use_icon=&#8221;default&#8221; button_icon_placement=&#8221;right&#8221; button_on_hover=&#8221;on&#8221; button_letter_spacing_hover=&#8221;0&#8243; button_text_color=&#8221;#ffffff&#8221; button_border_color=&#8221;#ffffff&#8221; button_url=&#8221;https:\/\/imaxin.com\/gl\/contacto\/&#8221; \/][\/et_pb_column][\/et_pb_row][\/et_pb_section]<\/p>\n","protected":false},"excerpt":{"rendered":"<p>A creaci\u00f3n dun sitio web implica definir os obxectivos, estruturar os contidos, decidir o ton e o dese\u00f1o gr\u00e1fico, o desenvolvemento t\u00e9cnico e a s\u00faa posta en marcha. Ademais debemos traballar o posicionamento e dese\u00f1ar unha estratexia de mercadotecnia axeitada\u00a0\u00e1 nosa empresa. \u00c9 un proceso complicado, e en moitos casos longo, que necesita a implicaci\u00f3n [&hellip;]<\/p>\n","protected":false},"author":1,"featured_media":0,"parent":0,"menu_order":0,"comment_status":"closed","ping_status":"closed","template":"","meta":{"_et_pb_use_builder":"on","_et_pb_old_content":"","_et_gb_content_width":""},"_links":{"self":[{"href":"https:\/\/imaxin.com\/gl\/wp-json\/wp\/v2\/pages\/1284"}],"collection":[{"href":"https:\/\/imaxin.com\/gl\/wp-json\/wp\/v2\/pages"}],"about":[{"href":"https:\/\/imaxin.com\/gl\/wp-json\/wp\/v2\/types\/page"}],"author":[{"embeddable":true,"href":"https:\/\/imaxin.com\/gl\/wp-json\/wp\/v2\/users\/1"}],"replies":[{"embeddable":true,"href":"https:\/\/imaxin.com\/gl\/wp-json\/wp\/v2\/comments?post=1284"}],"version-history":[{"count":7,"href":"https:\/\/imaxin.com\/gl\/wp-json\/wp\/v2\/pages\/1284\/revisions"}],"predecessor-version":[{"id":1285,"href":"https:\/\/imaxin.com\/gl\/wp-json\/wp\/v2\/pages\/1284\/revisions\/1285"}],"wp:attachment":[{"href":"https:\/\/imaxin.com\/gl\/wp-json\/wp\/v2\/media?parent=1284"}],"curies":[{"name":"wp","href":"https:\/\/api.w.org\/{rel}","templated":true}]}}