{"id":1288,"date":"2017-01-31T20:36:40","date_gmt":"2017-01-31T19:36:40","guid":{"rendered":"https:\/\/imaxin.com\/imaxinlocaliza\/"},"modified":"2017-12-19T09:24:58","modified_gmt":"2017-12-19T08:24:58","slug":"imaxinlocaliza","status":"publish","type":"page","link":"https:\/\/imaxin.com\/gl\/imaxinlocaliza\/","title":{"rendered":"imaxin|localiza"},"content":{"rendered":"<p>[et_pb_section bb_built=&#8221;1&#8243; admin_label=&#8221;Section&#8221; fullwidth=&#8221;on&#8221; specialty=&#8221;off&#8221; background_image=&#8221;https:\/\/imaxin.com\/wp-content\/uploads\/2017\/01\/fondoLocaliza.jpg&#8221; transparent_background=&#8221;off&#8221; allow_player_pause=&#8221;off&#8221; inner_shadow=&#8221;off&#8221; parallax=&#8221;off&#8221; parallax_method=&#8221;off&#8221; make_fullwidth=&#8221;off&#8221; use_custom_width=&#8221;off&#8221; width_unit=&#8221;on&#8221; make_equal=&#8221;off&#8221; use_custom_gutter=&#8221;off&#8221;][et_pb_fullwidth_header admin_label=&#8221;Fullwidth Header&#8221; title=&#8221;Localizar, moito m\u00e1is que traducir&#8221; background_layout=&#8221;dark&#8221; text_orientation=&#8221;left&#8221; header_fullscreen=&#8221;on&#8221; header_scroll_down=&#8221;on&#8221; parallax=&#8221;off&#8221; parallax_method=&#8221;off&#8221; logo_image_url=&#8221;https:\/\/imaxin.com\/wp-content\/uploads\/2017\/01\/logoLocalizaBlancoTransp.png&#8221; content_orientation=&#8221;center&#8221; image_orientation=&#8221;center&#8221; custom_button_one=&#8221;off&#8221; button_one_letter_spacing=&#8221;0&#8243; button_one_use_icon=&#8221;default&#8221; button_one_icon_placement=&#8221;right&#8221; button_one_on_hover=&#8221;on&#8221; button_one_letter_spacing_hover=&#8221;0&#8243; custom_button_two=&#8221;off&#8221; button_two_letter_spacing=&#8221;0&#8243; button_two_use_icon=&#8221;default&#8221; button_two_icon_placement=&#8221;right&#8221; button_two_on_hover=&#8221;on&#8221; button_two_letter_spacing_hover=&#8221;0&#8243; scroll_down_icon=&#8221;%%1%%&#8221; title_font=&#8221;Raleway|on|||&#8221; title_font_size=&#8221;80px&#8221; title_font_size_tablet=&#8221;60px&#8221; title_font_size_phone=&#8221;30px&#8221; title_font_size_last_edited=&#8221;on|tablet&#8221;]<\/p>\n<h2>Non s\u00f3 traducimos aplicaci\u00f3ns, adapt\u00e1molas culturalmente<\/h2>\n<p>[\/et_pb_fullwidth_header][\/et_pb_section][et_pb_section bb_built=&#8221;1&#8243; admin_label=&#8221;Section&#8221; fullwidth=&#8221;off&#8221; specialty=&#8221;off&#8221;][et_pb_row admin_label=&#8221;Row&#8221; background_position=&#8221;top_left&#8221; background_repeat=&#8221;repeat&#8221; background_size=&#8221;initial&#8221;][et_pb_column type=&#8221;1_2&#8243;][et_pb_blurb admin_label=&#8221;Blurb&#8221; title=&#8221;Localizaci\u00f3n&#8221; url_new_window=&#8221;off&#8221; use_icon=&#8221;off&#8221; font_icon=&#8221;%%71%%&#8221; icon_cor=&#8221;#ffffff&#8221; use_circle=&#8221;on&#8221; circle_cor=&#8221;#000000&#8243; use_circle_border=&#8221;off&#8221; circle_border_cor=&#8221;#7EBEC5&#8243; icon_placement=&#8221;left&#8221; animation=&#8221;top&#8221; background_layout=&#8221;light&#8221; text_orientation=&#8221;left&#8221; use_icon_font_size=&#8221;on&#8221; use_border_cor=&#8221;off&#8221; border_cor=&#8221;#000000&#8243; border_style=&#8221;solid&#8221; icon_font_size=&#8221;75px&#8221; header_font=&#8221;|on|||&#8221; header_font_size=&#8221;30&#8243; icon_color=&#8221;#7EBEC5&#8243; circle_color=&#8221;#7EBEC5&#8243; circle_border_color=&#8221;#7EBEC5&#8243; use_border_color=&#8221;off&#8221; border_color=&#8221;#ffffff&#8221; background_position=&#8221;top_left&#8221; background_repeat=&#8221;repeat&#8221; background_size=&#8221;initial&#8221;]<\/p>\n<div class=\"wpb_content_element span8 wpb_text_column\">\n<div class=\"wpb_wrapper clearfix\">\n<p>Os procesos de internacionalizaci\u00f3n non son sinxelos, debes ter en conta moitos aspectos e un que non debes de esquecer \u00e9 a internacionalizaci\u00f3n do teu software, aplicaci\u00f3ns ou videoxogos. O noso departamento de localizaci\u00f3n axudarache a definir o proxecto, desenvolvemos a traduci\u00f3n da interface de usuario e manuais, levamos a cabo as tarefas t\u00e9cnicas necesarias e realizamos o testing para asegurar a calidade do produto.<\/p>\n<p>&nbsp;<\/p>\n<\/div>\n<\/div>\n<p>[\/et_pb_blurb][\/et_pb_column][et_pb_column type=&#8221;1_2&#8243;][et_pb_blurb admin_label=&#8221;Blurb&#8221; url_new_window=&#8221;off&#8221; use_icon=&#8221;off&#8221; font_icon=&#8221;%%71%%&#8221; icon_cor=&#8221;#ffffff&#8221; use_circle=&#8221;on&#8221; circle_cor=&#8221;#000000&#8243; use_circle_border=&#8221;off&#8221; circle_border_cor=&#8221;#7EBEC5&#8243; icon_placement=&#8221;left&#8221; animation=&#8221;top&#8221; background_layout=&#8221;lixeiro&#8221; text_orientation=&#8221;left&#8221; use_icon_font_size=&#8221;on&#8221; use_border_cor=&#8221;off&#8221; border_cor=&#8221;#000000&#8243; border_style=&#8221;solid&#8221; icon_font_size=&#8221;75px&#8221; header_font=&#8221;|on|||&#8221; title=&#8221;<br \/>\n&#8221; header_font_size=&#8221;30&#8243; background_position=&#8221;top_left&#8221; background_repeat=&#8221;repeat&#8221; background_size=&#8221;initial&#8221;]<\/p>\n<div class=\"wpb_content_element span8 wpb_text_column\">\n<div class=\"wpb_wrapper clearfix\">\n<p>Contamos con ampla experiencia na traduci\u00f3n de software, traballamos localizando videoxogos, o sistema operativo <em>Microsoft Windows<\/em>, o paquete ofim\u00e1tico <em>Microsoft Office<\/em> e o paquete ofim\u00e1tico de software libre <em>OpenOffice<\/em> entre outros grandes proxectos.<\/p>\n<\/div>\n<\/div>\n<div class=\"wpb_content_element span4 wpb_text_column\"><\/div>\n<p>[\/et_pb_blurb][\/et_pb_column][\/et_pb_row][\/et_pb_section][et_pb_section bb_built=&#8221;1&#8243; admin_label=&#8221;section&#8221; transparent_background=&#8221;off&#8221; background_color=&#8221;#dddddd&#8221; allow_player_pause=&#8221;off&#8221; inner_shadow=&#8221;off&#8221; parallax=&#8221;off&#8221; parallax_method=&#8221;off&#8221; custom_padding=&#8221;0px|||0px&#8221; make_fullwidth=&#8221;off&#8221; use_custom_width=&#8221;off&#8221; width_unit=&#8221;on&#8221; make_equal=&#8221;off&#8221; use_custom_gutter=&#8221;off&#8221; background_image=&#8221;https:\/\/imaxin.com\/wp-content\/uploads\/2017\/01\/fondoConsultoria-e1490635628865.jpg&#8221; global_module=&#8221;876&#8243;][et_pb_row admin_label=&#8221;Row&#8221; global_parent=&#8221;876&#8243; make_fullwidth=&#8221;off&#8221; use_custom_width=&#8221;off&#8221; width_unit=&#8221;on&#8221; use_custom_gutter=&#8221;on&#8221; gutter_width=&#8221;0&#8243; custom_padding=&#8221;0px||0px|0px&#8221; allow_player_pause=&#8221;off&#8221; parallax=&#8221;off&#8221; parallax_method=&#8221;off&#8221; make_equal=&#8221;off&#8221; parallax_1=&#8221;off&#8221; parallax_method_1=&#8221;off&#8221; parallax_2=&#8221;off&#8221; parallax_method_2=&#8221;off&#8221;][et_pb_column type=&#8221;1_2&#8243;][\/et_pb_column][et_pb_column type=&#8221;1_2&#8243;][et_pb_text admin_label=&#8221;Text&#8221; global_parent=&#8221;876&#8243; background_layout=&#8221;dark&#8221; text_orientation=&#8221;left&#8221; use_border_color=&#8221;off&#8221; border_color=&#8221;#ffffff&#8221; border_style=&#8221;solid&#8221; header_font=&#8221;|on|||&#8221; custom_margin=&#8221;50px||25px|&#8221;]<\/p>\n<h1>Tes un proxecto singular?<\/h1>\n<h3>Asesor\u00e1moste e axudamos a crear unha soluci\u00f3n \u00e1 t\u00faa medida<\/h3>\n<p><br class=\"\u201dclearfix\u201d\" \/>Non o dubides e contacta connosco, estaremos encantados de escoitarte. [\/et_pb_text][et_pb_button admin_label=&#8221;Button&#8221; global_parent=&#8221;876&#8243; url_new_window=&#8221;off&#8221; button_text=&#8221;Contacta agora!&#8221; button_alignment=&#8221;left&#8221; background_layout=&#8221;dark&#8221; custom_button=&#8221;on&#8221; button_letter_spacing=&#8221;0&#8243; button_use_icon=&#8221;default&#8221; button_icon_placement=&#8221;right&#8221; button_on_hover=&#8221;on&#8221; button_letter_spacing_hover=&#8221;0&#8243; button_text_color=&#8221;#ffffff&#8221; button_border_color=&#8221;#ffffff&#8221; button_url=&#8221;https:\/\/imaxin.com\/gl\/contacto\/&#8221; \/][\/et_pb_column][\/et_pb_row][\/et_pb_section]<\/p>\n","protected":false},"excerpt":{"rendered":"<p>Non s\u00f3 traducimos aplicaci\u00f3ns, adapt\u00e1molas culturalmente Os procesos de internacionalizaci\u00f3n non son sinxelos, debes ter en conta moitos aspectos e un que non debes de esquecer \u00e9 a internacionalizaci\u00f3n do teu software, aplicaci\u00f3ns ou videoxogos. O noso departamento de localizaci\u00f3n axudarache a definir o proxecto, desenvolvemos a traduci\u00f3n da interface de usuario e manuais, levamos [&hellip;]<\/p>\n","protected":false},"author":1,"featured_media":0,"parent":0,"menu_order":0,"comment_status":"closed","ping_status":"closed","template":"","meta":{"_et_pb_use_builder":"on","_et_pb_old_content":"","_et_gb_content_width":""},"_links":{"self":[{"href":"https:\/\/imaxin.com\/gl\/wp-json\/wp\/v2\/pages\/1288"}],"collection":[{"href":"https:\/\/imaxin.com\/gl\/wp-json\/wp\/v2\/pages"}],"about":[{"href":"https:\/\/imaxin.com\/gl\/wp-json\/wp\/v2\/types\/page"}],"author":[{"embeddable":true,"href":"https:\/\/imaxin.com\/gl\/wp-json\/wp\/v2\/users\/1"}],"replies":[{"embeddable":true,"href":"https:\/\/imaxin.com\/gl\/wp-json\/wp\/v2\/comments?post=1288"}],"version-history":[{"count":5,"href":"https:\/\/imaxin.com\/gl\/wp-json\/wp\/v2\/pages\/1288\/revisions"}],"predecessor-version":[{"id":1395,"href":"https:\/\/imaxin.com\/gl\/wp-json\/wp\/v2\/pages\/1288\/revisions\/1395"}],"wp:attachment":[{"href":"https:\/\/imaxin.com\/gl\/wp-json\/wp\/v2\/media?parent=1288"}],"curies":[{"name":"wp","href":"https:\/\/api.w.org\/{rel}","templated":true}]}}