{"id":3476,"date":"2025-10-08T10:14:04","date_gmt":"2025-10-08T08:14:04","guid":{"rendered":"https:\/\/imaxin.com\/gracias-guia-traducciones-de-calidad\/"},"modified":"2025-10-09T10:44:53","modified_gmt":"2025-10-09T08:44:53","slug":"grazas-guia-traducions-de-calidade","status":"publish","type":"page","link":"https:\/\/imaxin.com\/gl\/grazas-guia-traducions-de-calidade\/","title":{"rendered":"Grazas: guia traduci\u00f3ns de calidade"},"content":{"rendered":"<p>[et_pb_section fb_built=&#8221;1&#8243; admin_label=&#8221;section&#8221; _builder_version=&#8221;4.19.1&#8243; custom_margin=&#8221;20px||||false|false&#8221; global_colors_info=&#8221;{}&#8221;][et_pb_row column_structure=&#8221;2_5,3_5&#8243; admin_label=&#8221;row&#8221; _builder_version=&#8221;4.16&#8243; background_size=&#8221;initial&#8221; background_position=&#8221;top_left&#8221; background_repeat=&#8221;repeat&#8221; global_colors_info=&#8221;{}&#8221;][et_pb_column type=&#8221;2_5&#8243; _builder_version=&#8221;4.16&#8243; custom_padding=&#8221;|||&#8221; global_colors_info=&#8221;{}&#8221; custom_padding__hover=&#8221;|||&#8221;][et_pb_text _builder_version=&#8221;4.19.1&#8243; _module_preset=&#8221;default&#8221; text_font=&#8221;||||||||&#8221; header_font_size=&#8221;40px&#8221; custom_margin=&#8221;||15px||false|false&#8221; custom_padding=&#8221;||0px||false|false&#8221; global_colors_info=&#8221;{}&#8221;]<\/p>\n<h1>Grazas por descargar a nosa gu\u00eda<\/h1>\n<p>[\/et_pb_text][et_pb_text _builder_version=&#8221;4.19.1&#8243; _module_preset=&#8221;default&#8221; text_font=&#8221;||||||||&#8221; header_font_size=&#8221;40px&#8221; custom_margin=&#8221;0px||0px||false|false&#8221; custom_padding=&#8221;0px||10px||false|false&#8221; global_colors_info=&#8221;{}&#8221;]<\/p>\n<h2>Como garantir traduci\u00f3ns de alta calidade sen atrasar as t\u00faas publicaci\u00f3ns<\/h2>\n<p>[\/et_pb_text][et_pb_text _builder_version=&#8221;4.19.1&#8243; _module_preset=&#8221;default&#8221; text_font=&#8221;||||||||&#8221; header_font_size=&#8221;40px&#8221; global_colors_info=&#8221;{}&#8221;]<\/p>\n<p>Se precisas axuda cos teus proxectos de traduci\u00f3n, escr\u00edbenos a <a href=\"mailto:dialoguemos@imaxin.com\">dialoguemos@imaxin.com<\/a> e buscaremos a mellor soluci\u00f3n para ti.<\/p>\n<p>Mentres tanto, proba os nosos servizos de traduci\u00f3n autom\u00e1tica.<\/p>\n<p>[\/et_pb_text][et_pb_button button_url=&#8221;http:\/\/www.opentrad.com&#8221; url_new_window=&#8221;on&#8221; button_text=&#8221;www.opentrad.com&#8221; button_alignment=&#8221;left&#8221; admin_label=&#8221;Button&#8221; _builder_version=&#8221;4.19.1&#8243; custom_button=&#8221;on&#8221; button_text_color=&#8221;#000000&#8243; button_border_color=&#8221;#000000&#8243; button_icon_color=&#8221;#ffffff&#8221; custom_margin=&#8221;0px||||false|false&#8221; custom_padding=&#8221;0px||||false|false&#8221; button_text_color_hover=&#8221;#ffffff&#8221; button_bg_color_hover=&#8221;#000000&#8243; locked=&#8221;off&#8221; global_colors_info=&#8221;{}&#8221; button_text_size__hover_enabled=&#8221;off&#8221; button_one_text_size__hover_enabled=&#8221;off&#8221; button_two_text_size__hover_enabled=&#8221;off&#8221; button_text_color__hover_enabled=&#8221;on&#8221; button_text_color__hover=&#8221;#ffffff&#8221; button_one_text_color__hover_enabled=&#8221;off&#8221; button_two_text_color__hover_enabled=&#8221;off&#8221; button_border_width__hover_enabled=&#8221;off&#8221; button_one_border_width__hover_enabled=&#8221;off&#8221; button_two_border_width__hover_enabled=&#8221;off&#8221; button_border_color__hover_enabled=&#8221;off&#8221; button_one_border_color__hover_enabled=&#8221;off&#8221; button_two_border_color__hover_enabled=&#8221;off&#8221; button_border_radius__hover_enabled=&#8221;off&#8221; button_one_border_radius__hover_enabled=&#8221;off&#8221; button_two_border_radius__hover_enabled=&#8221;off&#8221; button_letter_spacing__hover_enabled=&#8221;off&#8221; button_one_letter_spacing__hover_enabled=&#8221;off&#8221; button_two_letter_spacing__hover_enabled=&#8221;off&#8221; button_bg_color__hover_enabled=&#8221;on&#8221; button_bg_color__hover=&#8221;#000000&#8243; button_one_bg_color__hover_enabled=&#8221;off&#8221; button_two_bg_color__hover_enabled=&#8221;off&#8221;]&nbsp;<br \/>\n[\/et_pb_button][\/et_pb_column][et_pb_column type=&#8221;3_5&#8243; _builder_version=&#8221;4.16&#8243; custom_padding=&#8221;|||&#8221; global_colors_info=&#8221;{}&#8221; custom_padding__hover=&#8221;|||&#8221;][et_pb_image src=&#8221;https:\/\/imaxin.com\/wp-content\/uploads\/2025\/10\/Guia_traducions_GL-1.png&#8221; alt=&#8221;Portada da Guia: Como garantir traduci\u00f3ns de alta calidade sen atrasar as t\u00faas publicaci\u00f3ns&#8221; title_text=&#8221;Guia_traducions_%91GL%93&#8243; align=&#8221;center&#8221; _builder_version=&#8221;4.19.1&#8243; _module_preset=&#8221;default&#8221; module_alignment=&#8221;center&#8221; max_height=&#8221;500px&#8221; hover_enabled=&#8221;0&#8243; global_colors_info=&#8221;{}&#8221; sticky_enabled=&#8221;0&#8243;][\/et_pb_image][\/et_pb_column][\/et_pb_row][\/et_pb_section]<\/p>\n","protected":false},"excerpt":{"rendered":"<p>Grazas por descargar a nosa gu\u00edaComo garantir traduci\u00f3ns de alta calidade sen atrasar as t\u00faas publicaci\u00f3nsSe precisas axuda cos teus proxectos de traduci\u00f3n, escr\u00edbenos a dialoguemos@imaxin.com e buscaremos a mellor soluci\u00f3n para ti. Mentres tanto, proba os nosos servizos de traduci\u00f3n autom\u00e1tica.&nbsp;<\/p>\n","protected":false},"author":1,"featured_media":0,"parent":0,"menu_order":0,"comment_status":"closed","ping_status":"closed","template":"","meta":{"_et_pb_use_builder":"on","_et_pb_old_content":"","_et_gb_content_width":""},"_links":{"self":[{"href":"https:\/\/imaxin.com\/gl\/wp-json\/wp\/v2\/pages\/3476"}],"collection":[{"href":"https:\/\/imaxin.com\/gl\/wp-json\/wp\/v2\/pages"}],"about":[{"href":"https:\/\/imaxin.com\/gl\/wp-json\/wp\/v2\/types\/page"}],"author":[{"embeddable":true,"href":"https:\/\/imaxin.com\/gl\/wp-json\/wp\/v2\/users\/1"}],"replies":[{"embeddable":true,"href":"https:\/\/imaxin.com\/gl\/wp-json\/wp\/v2\/comments?post=3476"}],"version-history":[{"count":9,"href":"https:\/\/imaxin.com\/gl\/wp-json\/wp\/v2\/pages\/3476\/revisions"}],"predecessor-version":[{"id":3505,"href":"https:\/\/imaxin.com\/gl\/wp-json\/wp\/v2\/pages\/3476\/revisions\/3505"}],"wp:attachment":[{"href":"https:\/\/imaxin.com\/gl\/wp-json\/wp\/v2\/media?parent=3476"}],"curies":[{"name":"wp","href":"https:\/\/api.w.org\/{rel}","templated":true}]}}