{"id":3482,"date":"2025-10-28T13:16:22","date_gmt":"2025-10-28T12:16:22","guid":{"rendered":"https:\/\/imaxin.com\/?page_id=3482"},"modified":"2025-10-28T14:02:14","modified_gmt":"2025-10-28T13:02:14","slug":"grazas-por-falar-connosco","status":"publish","type":"page","link":"https:\/\/imaxin.com\/gl\/grazas-por-falar-connosco\/","title":{"rendered":"Grazas por falar con n\u00f3s"},"content":{"rendered":"<p>[et_pb_section fb_built=&#8221;1&#8243; _builder_version=&#8221;4.19.1&#8243; _module_preset=&#8221;default&#8221; global_colors_info=&#8221;{}&#8221;][\/et_pb_section][et_pb_section fb_built=&#8221;1&#8243; admin_label=&#8221;section&#8221; _builder_version=&#8221;4.19.1&#8243; custom_margin=&#8221;20px||||false|false&#8221; global_colors_info=&#8221;{}&#8221;][et_pb_row admin_label=&#8221;row&#8221; _builder_version=&#8221;4.16&#8243; background_size=&#8221;initial&#8221; background_position=&#8221;top_left&#8221; background_repeat=&#8221;repeat&#8221; global_colors_info=&#8221;{}&#8221;][et_pb_column type=&#8221;4_4&#8243; _builder_version=&#8221;4.16&#8243; custom_padding=&#8221;|||&#8221; global_colors_info=&#8221;{}&#8221; custom_padding__hover=&#8221;|||&#8221;][et_pb_text _builder_version=&#8221;4.19.1&#8243; _module_preset=&#8221;default&#8221; text_font=&#8221;||||||||&#8221; header_font_size=&#8221;40px&#8221; custom_margin=&#8221;||15px||false|false&#8221; custom_padding=&#8221;||0px||false|false&#8221; global_colors_info=&#8221;{}&#8221;]<\/p>\n<h1>Grazas por falar con n\u00f3s<\/h1>\n<p>[\/et_pb_text][et_pb_text _builder_version=&#8221;4.19.1&#8243; _module_preset=&#8221;default&#8221; text_font=&#8221;||||||||&#8221; header_font_size=&#8221;40px&#8221; custom_margin=&#8221;0px||0px||false|false&#8221; custom_padding=&#8221;0px||10px||false|false&#8221; global_colors_info=&#8221;{}&#8221;]<\/p>\n<h2>A t\u00faa mensaxe chegou correctamente e xa forma parte da conversa.<\/h2>\n<p>[\/et_pb_text][et_pb_text _builder_version=&#8221;4.19.1&#8243; _module_preset=&#8221;default&#8221; text_font=&#8221;||||||||&#8221; header_font_size=&#8221;40px&#8221; hover_enabled=&#8221;0&#8243; global_colors_info=&#8221;{}&#8221; sticky_enabled=&#8221;0&#8243;]<\/p>\n<p><strong>En imaxin sabemos que cada palabra conta<\/strong>.<br \/>Por iso escoitaremos a t\u00faa consulta con atenci\u00f3n e responderemos axi\u00f1a.<br \/>Mentres tanto, lembra o que nos move: <strong>axudar a que o mundo se entenda mellor.<\/strong><\/p>\n<p>&nbsp;<\/p>\n<h4><\/h4>\n<p>&nbsp;<\/p>\n<p>&nbsp;<\/p>\n<p>[\/et_pb_text][\/et_pb_column][\/et_pb_row][\/et_pb_section]<\/p>\n","protected":false},"excerpt":{"rendered":"<p>Grazas por falar con n\u00f3sA t\u00faa mensaxe chegou correctamente e xa forma parte da conversa.En imaxin sabemos que cada palabra conta.Por iso escoitaremos a t\u00faa consulta con atenci\u00f3n e responderemos axi\u00f1a.Mentres tanto, lembra o que nos move: axudar a que o mundo se entenda mellor. &nbsp; &nbsp; &nbsp;<\/p>\n","protected":false},"author":1,"featured_media":0,"parent":0,"menu_order":0,"comment_status":"closed","ping_status":"closed","template":"","meta":{"_et_pb_use_builder":"on","_et_pb_old_content":"","_et_gb_content_width":""},"_links":{"self":[{"href":"https:\/\/imaxin.com\/gl\/wp-json\/wp\/v2\/pages\/3482"}],"collection":[{"href":"https:\/\/imaxin.com\/gl\/wp-json\/wp\/v2\/pages"}],"about":[{"href":"https:\/\/imaxin.com\/gl\/wp-json\/wp\/v2\/types\/page"}],"author":[{"embeddable":true,"href":"https:\/\/imaxin.com\/gl\/wp-json\/wp\/v2\/users\/1"}],"replies":[{"embeddable":true,"href":"https:\/\/imaxin.com\/gl\/wp-json\/wp\/v2\/comments?post=3482"}],"version-history":[{"count":14,"href":"https:\/\/imaxin.com\/gl\/wp-json\/wp\/v2\/pages\/3482\/revisions"}],"predecessor-version":[{"id":3667,"href":"https:\/\/imaxin.com\/gl\/wp-json\/wp\/v2\/pages\/3482\/revisions\/3667"}],"wp:attachment":[{"href":"https:\/\/imaxin.com\/gl\/wp-json\/wp\/v2\/media?parent=3482"}],"curies":[{"name":"wp","href":"https:\/\/api.w.org\/{rel}","templated":true}]}}